{"id":2571,"date":"2023-09-29T14:37:30","date_gmt":"2023-09-29T12:37:30","guid":{"rendered":"https:\/\/www.sba.unina.it\/wordpress\/?page_id=2571"},"modified":"2023-10-18T09:25:00","modified_gmt":"2023-10-18T07:25:00","slug":"roberto-pettorino","status":"publish","type":"page","link":"https:\/\/www.sba.unina.it\/index.php\/roberto-pettorino\/","title":{"rendered":"Roberto Pettorino"},"content":{"rendered":"\n<div class=\"wp-block-group\"><div class=\"wp-block-group__inner-container is-layout-constrained wp-block-group-is-layout-constrained\">\n<figure class=\"wp-block-table\"><table><tbody><tr><td class=\"has-text-align-left\" data-align=\"left\" colspan=\"2\">Il <strong>Centro d&#8217;Ateneo per le Biblioteche<\/strong> \u00e8 dedicato al prof. Roberto Pettorino, tragicamente scomparso l&#8217;8 febbraio 2013. Il Prof. Pettorino ha avuto un ruolo di primo piano nella costituzione della Biblioteca Digitale di Ateneo e del CAB.<\/td><\/tr><tr><td class=\"has-text-align-left\" data-align=\"left\"><img fetchpriority=\"high\" decoding=\"async\" width=\"4000\" height=\"3888\" class=\"wp-image-2645\" style=\"width: 4000px;\" src=\"https:\/\/www.sba.unina.it\/wordpress\/wp-content\/uploads\/2023\/10\/pettorino.png\" alt=\"\" srcset=\"https:\/\/www.sba.unina.it\/wp-content\/uploads\/2023\/10\/pettorino.png 501w, https:\/\/www.sba.unina.it\/wp-content\/uploads\/2023\/10\/pettorino-300x292.png 300w, https:\/\/www.sba.unina.it\/wp-content\/uploads\/2023\/10\/pettorino-350x340.png 350w\" sizes=\"(max-width: 4000px) 100vw, 4000px\" \/><\/td><td class=\"has-text-align-left\" data-align=\"left\">Roberto Pettorino, nato il 24 aprile 1946 a Napoli, laureato in Fisica nel 1970, \u00e8 stato professore di Relativit\u00e0 all&#8217;Universit\u00e0 di Napoli Federico II. La sua attivit\u00e0 scientifica si \u00e8 concentrata nel campo della fisica teorica delle interazioni fondamentali. In particolare, si \u00e8 interessato alle teorie delle stringhe fin dalle loro origini e ha contribuito alla loro formulazione supersimmetrica negli anni &#8217;70; in anni pi\u00f9 recenti, in questo stesso contesto, ha studiato le propriet\u00e0 delle ampiezze delle stringhe ad ogni ordine perturbativo ed i collegamenti con aspetti rilevanti della gravit\u00e0 quantistica. Nel corso degli anni si \u00e8 interessato anche a vari aspetti della teoria dei campi: teorie di Gauge e sistemi di spin su reticolo, anomalie e lagrangiane effettive per la QCD e per le teorie di Gauge supersimmetriche. Roberto Pettorino \u00e8 stato Preside della Facolt\u00e0 di Scienze Matematiche Fisiche e Naturali della Federico II dal 2007 al 2012 e Presidente del Nucleo di Valutazione di Ateneo dall&#8217;ottobre 2012. Fin dall&#8217;inizio ha seguito la creazione del primo Archivio Aperto, nato all&#8217;interno della comunit\u00e0 di fisici delle particelle elementari, su progetto del prof. Paul Ginsparg nel 1991 presso i Laboratori Nazionali di Los Alamos (LANL, U.S.A.). Si \u00e8 poi interessato ai problemi dell&#8217;informatizzazione delle biblioteche e dell&#8217;accesso alle informazioni disponibili in rete, e nel biennio 1993-95 \u00e8 stato responsabile della sperimentazione del programma di catalogazione Aleph per le biblioteche dell&#8217;Universit\u00e0 Federico II.<br>Dal 2002 \u00e8 stato delegato del Rettore per i servizi informatici delle biblioteche e membro del Consiglio tecnico scientifico e di gestione del Centro Servizi Informativi. Ha presieduto la Commissione permanente di Ateneo per le biblioteche e le risorse digitali. Nel 2002-2003 ha promosso lo sviluppo della Biblioteca Digitale dell&#8217;Universit\u00e0 Federico II.<br>La Cerimonia di Intitolazione ha avuto luogo l&#8217;8 aprile 2013 nell&#8217;Aula Magna Carlo Ciliberto del Complesso Universitario di Monte Sant&#8217;Angelo.<\/td><\/tr><\/tbody><\/table><figcaption class=\"wp-element-caption\"><a href=\"https:\/\/www.sba.unina.it\/index.php\/cerimonia-di-intitolazione-del-cab\/\" data-type=\"link\" data-id=\"https:\/\/www.sba.unina.it\/index.php\/cerimonia-di-intitolazione-del-cab\/\"><img decoding=\"async\" width=\"500\" height=\"160\" class=\"wp-image-2653\" style=\"width: 500px;\" src=\"https:\/\/www.sba.unina.it\/wordpress\/wp-content\/uploads\/2023\/10\/pettorino2.png\" alt=\"\" srcset=\"https:\/\/www.sba.unina.it\/wp-content\/uploads\/2023\/10\/pettorino2.png 884w, https:\/\/www.sba.unina.it\/wp-content\/uploads\/2023\/10\/pettorino2-300x96.png 300w, https:\/\/www.sba.unina.it\/wp-content\/uploads\/2023\/10\/pettorino2-768x245.png 768w, https:\/\/www.sba.unina.it\/wp-content\/uploads\/2023\/10\/pettorino2-350x112.png 350w\" sizes=\"(max-width: 500px) 100vw, 500px\" \/><\/a><\/figcaption><\/figure>\n<\/div><\/div>\n","protected":false},"excerpt":{"rendered":"<p>Il Centro d&#8217;Ateneo per le Biblioteche \u00e8 dedicato al prof. Roberto Pettorino, tragicamente scomparso l&#8217;8 febbraio 2013. Il Prof. Pettorino ha avuto un ruolo di primo piano nella costituzione della Biblioteca Digitale di Ateneo e del CAB. Roberto Pettorino, nato il 24 aprile 1946 a Napoli, laureato in Fisica nel 1970, \u00e8 stato professore di [&hellip;]<\/p>\n","protected":false},"author":1,"featured_media":0,"parent":0,"menu_order":67,"comment_status":"closed","ping_status":"closed","template":"","meta":{"footnotes":""},"class_list":["post-2571","page","type-page","status-publish","hentry"],"_links":{"self":[{"href":"https:\/\/www.sba.unina.it\/index.php\/wp-json\/wp\/v2\/pages\/2571","targetHints":{"allow":["GET"]}}],"collection":[{"href":"https:\/\/www.sba.unina.it\/index.php\/wp-json\/wp\/v2\/pages"}],"about":[{"href":"https:\/\/www.sba.unina.it\/index.php\/wp-json\/wp\/v2\/types\/page"}],"author":[{"embeddable":true,"href":"https:\/\/www.sba.unina.it\/index.php\/wp-json\/wp\/v2\/users\/1"}],"replies":[{"embeddable":true,"href":"https:\/\/www.sba.unina.it\/index.php\/wp-json\/wp\/v2\/comments?post=2571"}],"version-history":[{"count":9,"href":"https:\/\/www.sba.unina.it\/index.php\/wp-json\/wp\/v2\/pages\/2571\/revisions"}],"predecessor-version":[{"id":3420,"href":"https:\/\/www.sba.unina.it\/index.php\/wp-json\/wp\/v2\/pages\/2571\/revisions\/3420"}],"wp:attachment":[{"href":"https:\/\/www.sba.unina.it\/index.php\/wp-json\/wp\/v2\/media?parent=2571"}],"curies":[{"name":"wp","href":"https:\/\/api.w.org\/{rel}","templated":true}]}}