{"id":2663,"date":"2023-10-03T14:42:51","date_gmt":"2023-10-03T12:42:51","guid":{"rendered":"https:\/\/www.sba.unina.it\/wordpress\/?page_id=2663"},"modified":"2023-10-03T14:42:52","modified_gmt":"2023-10-03T12:42:52","slug":"tesi-di-dottorato","status":"publish","type":"page","link":"https:\/\/www.sba.unina.it\/index.php\/tesi-di-dottorato\/","title":{"rendered":"Tesi di dottorato"},"content":{"rendered":"\n<p>Le tesi di dottorato sono prodotti della ricerca e in quanto tali fanno parte di quei documenti che, secondo la\u202f<a href=\"https:\/\/openaccess.mpg.de\/67682\/BerlinDeclaration_it.pdf\" target=\"_blank\" rel=\"noreferrer noopener\">Dichiarazione di Berlino<\/a>\u202fe alcune raccomandazioni della Commissione Europea, dovrebbero essere pubblicamente accessibili.&nbsp;<\/p>\n\n\n\n<p>La tesi di dottorato \u00e8 un documento che ha una doppia natura:&nbsp;<\/p>\n\n\n\n<ul class=\"wp-block-list\">\n<li>come documento amministrativo, certifica la conclusione di un percorso di studio condotto dal dottorando e come tale va conservata nel fascicolo dello studente a tempo indeterminato; la possibilit\u00e0 di accedere alla tesi, in questo caso, \u00e8 regolata dalle norme che disciplinano l&#8217;accesso ai documenti amministrativi&nbsp;<\/li>\n\n\n\n<li>come pubblicazione scientifica, documenta il lavoro di ricerca dell&#8217;autore e risulta a tutti gli effetti equiparabile ad un documento bibliografico&nbsp;<\/li>\n<\/ul>\n\n\n\n<p>Il gruppo Open Access della CRUI ha messo a punto un sistema per facilitare e rendere omogenee le procedure per il deposito delle tesi di dottorato presso le Biblioteche Nazionali centrali di Roma e Firenze in formato elettronico, anzich\u00e9 cartaceo. La circolare ministeriale 1746 del 20 luglio 2007 ha di fatto riconosciuto la validit\u00e0 della procedura CRUI anche da un punto di vista amministrativo autorizzando il deposito delle tesi in formato elettronico.&nbsp;<\/p>\n\n\n\n<p>L&#8217;Universit\u00e0 di Napoli Federico II ha deciso pertanto di uniformarsi alle\u202f<a href=\"https:\/\/www.crui.it\/linee-guida-per-il-deposito-delle-tesi-di-dottorato-negli-archivi-aperti.html\" target=\"_blank\" rel=\"noreferrer noopener\">Linee guida per il deposito delle tesi di dottorato negli archivi aperti<\/a>\u202f(pubblicate a novembre 2007 a cura del gruppo di lavoro sull&#8217;Open Access della commissione Biblioteche della CRUI) ed ha previsto a partire dal 2006 il deposito obbligatorio delle Tesi di Dottorato presso il proprio Archivio aperto, FedOA.&nbsp;<\/p>\n\n\n\n<p>L&#8217;archiviazione elettronica e l&#8217;accesso alle tesi per via telematica, nello spirito dell&#8217;Open Access Iniziative, non solo assicura ai risultati delle ricerche scientifiche un&#8217;ampia circolazione, ma consente anche alla comunit\u00e0 scientifica internazionale di vigilare, in modo pi\u00f9 efficace che in passato, perch\u00e8 nessuno possa indebitamente appropriarsi o fare usi impropri di tali ricerche.&nbsp;<\/p>\n\n\n\n<p>Al termine del corso di dottorato, per potere sostenere l&#8217;esame finale, il dottorando dovr\u00e0 autoarchiviare la sua tesi in FedOAtd, un deposito di servizio riservato a tesi di dottorato non ancora discusse e pertanto non consultabili on line. Il dottorando dovr\u00e0 inserire la tesi in un unico file che per motivi di conservazione deve essere in formato PDF, preferibilmente in PDF\/A: non \u00e8 permesso depositare file PDF criptati. L&#8217;autoarchiviazione obbliga il dottorando alla compilazione di tutti i metadati necessari al recupero delle informazioni relative alla tesi. Le tesi depositate in FedOAtd saranno poi validate dai coordinatori dei rispettivi Corsi di dottorato. Solo dopo la discussione, la tesi verr\u00e0 integrata in FedOA dove sar\u00e0 accessibile secondo quanto previsto dal regolamento.&nbsp;<\/p>\n","protected":false},"excerpt":{"rendered":"<p>Le tesi di dottorato sono prodotti della ricerca e in quanto tali fanno parte di quei documenti che, secondo la\u202fDichiarazione di Berlino\u202fe alcune raccomandazioni della Commissione Europea, dovrebbero essere pubblicamente accessibili.&nbsp; La tesi di dottorato \u00e8 un documento che ha una doppia natura:&nbsp; Il gruppo Open Access della CRUI ha messo a punto un sistema [&hellip;]<\/p>\n","protected":false},"author":1,"featured_media":0,"parent":0,"menu_order":76,"comment_status":"closed","ping_status":"closed","template":"","meta":{"footnotes":""},"class_list":["post-2663","page","type-page","status-publish","hentry"],"_links":{"self":[{"href":"https:\/\/www.sba.unina.it\/index.php\/wp-json\/wp\/v2\/pages\/2663","targetHints":{"allow":["GET"]}}],"collection":[{"href":"https:\/\/www.sba.unina.it\/index.php\/wp-json\/wp\/v2\/pages"}],"about":[{"href":"https:\/\/www.sba.unina.it\/index.php\/wp-json\/wp\/v2\/types\/page"}],"author":[{"embeddable":true,"href":"https:\/\/www.sba.unina.it\/index.php\/wp-json\/wp\/v2\/users\/1"}],"replies":[{"embeddable":true,"href":"https:\/\/www.sba.unina.it\/index.php\/wp-json\/wp\/v2\/comments?post=2663"}],"version-history":[{"count":1,"href":"https:\/\/www.sba.unina.it\/index.php\/wp-json\/wp\/v2\/pages\/2663\/revisions"}],"predecessor-version":[{"id":2664,"href":"https:\/\/www.sba.unina.it\/index.php\/wp-json\/wp\/v2\/pages\/2663\/revisions\/2664"}],"wp:attachment":[{"href":"https:\/\/www.sba.unina.it\/index.php\/wp-json\/wp\/v2\/media?parent=2663"}],"curies":[{"name":"wp","href":"https:\/\/api.w.org\/{rel}","templated":true}]}}