{"id":2669,"date":"2023-10-05T13:29:02","date_gmt":"2023-10-05T11:29:02","guid":{"rendered":"https:\/\/www.sba.unina.it\/wordpress\/?page_id=2669"},"modified":"2025-03-31T10:00:10","modified_gmt":"2025-03-31T08:00:10","slug":"fedoapress-2","status":"publish","type":"page","link":"https:\/\/www.sba.unina.it\/index.php\/fedoapress-2\/","title":{"rendered":"FedOAPress"},"content":{"rendered":"\n<p><\/p>\n\n\n\n<p><\/p>\n\n\n\n<figure class=\"wp-block-image size-full\"><img decoding=\"async\" width=\"278\" height=\"144\" src=\"https:\/\/www.sba.unina.it\/wp-content\/uploads\/2023\/10\/FedOAPress.jpg\" alt=\"logo fedoapress\" class=\"wp-image-3237\"\/><\/figure>\n\n\n\n<p>Il servizio\u202f<strong>FedOAPress -\u202fFederico II University Press<\/strong>, offerto dal CAB nel quadro delle sue finalit\u00e0 e dei suoi compiti istituzionali (Regolamento\u202fdel Sistema Bibliotecario di Ateneo e del Centro di Ateneo per le Biblioteche, Articolo 6, comma 2), intende rispondere in modo organico alla domanda diffusa nella nostra universit\u00e0 di pubblicare con marchio editoriale di ateneo e distribuire ad accesso aperto, nei nuovi circuiti della comunicazione scientifica riviste scientifiche e e-book di ricerca.&nbsp;<\/p>\n\n\n\n<p>L&#8217;uso del marchio editoriale\u202f<strong>FedOAPress\u202f<\/strong>garantisce la qualit\u00e0 scientifica delle pubblicazioni, che rispondono a precisi\u202f<a href=\"http:\/\/www.fedoabooks.unina.it\/index.php\/fedoapress\/about#Requirements\" data-type=\"link\" data-id=\"http:\/\/www.fedoabooks.unina.it\/index.php\/fedoapress\/about#Requirements\" target=\"_blank\" rel=\"noreferrer noopener\">requisiti di scientificit\u00e0<\/a>, verificati al momento della richiesta di pubblicazione (tra questi, il ricorso al\u202f<em>double blind peer reviews<\/em>) e poi costantemente monitorati con cadenza annuale.&nbsp;<\/p>\n\n\n\n<p>Le richieste di attivazione di nuove riviste o collane di e-books vanno indirizzate per email al Presidente e al Comitato Direttivo del CAB (<a href=\"mailto:cab@unina.it\" target=\"_blank\" rel=\"noreferrer noopener\">cab@unina.it<\/a>) insieme a una pagina di presentazione dell\u2019iniziativa, che ne evidenzi la rilevanza nel panorama culturale e scientifico, nazionale e internazionale.&nbsp;<\/p>\n\n\n\n<p>Le Strutture di Ateneo che intendono avvalersi dei\u202f<strong>Servizi editoriali (grafica, impaginazione e stampa)\u202fdi Federico II University Press<\/strong>\u202fdovranno segnalare al DEC (sig.ra Maria Grazia Colella: <a href=\"mailto:mariagrazia.colella@unina.it\" target=\"_blank\" rel=\"noreferrer noopener\">mariagrazia.colella@unina.it<\/a>) un nominativo da abilitare sul Team appositamente creato (<em>Servizi di editoria digitale Federico II University Press<\/em>), preferibilmente il Responsabile dei Processi Contabili o un suo delegato. Solo i partecipanti al Team possono avviare una richiesta di preventivo alla Ditta compilando il <strong><u>modulo di richiesta di servizi<\/u><\/strong> raggiungibile nel Tab \u201cTeam Forms\u201d.<\/p>\n\n\n\n<p><a rel=\"noreferrer noopener\" href=\"https:\/\/www.sba.unina.it\/archive\/gara-editoria\/documentazione-di-gara.zip\" target=\"_blank\">Documentazione di gara<\/a>&nbsp;<\/p>\n\n\n\n<p>Per qualsiasi richiesta di informazioni sul servizio scrivere al Presidente del CAB (Prof. Roberto Delle Donne:\u202f<a rel=\"noreferrer noopener\" href=\"mailto:roberto.delledonne@unina.it\" target=\"_blank\">roberto.delledonne@unina.it<\/a>\u202f) e\/o al RUP della gara di appalto (dott. Nicola Madonna: <a href=\"mailto:nmadonna@unina.it\">nmadonna@unina.it<\/a>).<\/p>\n\n\n\n<p class=\"has-large-font-size\">Gli Identificatori Persistenti<\/p>\n\n\n\n<p>E&#8217; ben noto che la mancanza di affidabilit\u00e0 delle risorse digitali su Internet in termini di integrit\u00e0, originalit\u00e0 e autorevolezza, tende a ostacolarne la diffusione ed accettazione nonch\u00e9 l\u2019utilizzo. L\u2019adozione di un riferimento stabile e autorevole per queste risorse \u00e8 fondamentale per identificarle le risorse in modo affidabile e certificato, in particolare per quanto riguarda l&#8217;autenticit\u00e0 e integrit\u00e0 delle risorse digitali, oltre che per garantirne un accesso continuato nel tempo. Una soluzione affidabile, quindi, \u00e8 quella di\u202f<strong>associare un Persistent Identifier (PI)<\/strong>\u202fautorevole<strong>\u202fa una risorsa digitale<\/strong>, che\u202f<strong>rimarr\u00e0 perennemente associato alla risorsa<\/strong>\u202findipendentemente da dove essa sia collocata.&nbsp;<\/p>\n\n\n\n<p>Per garantire l&#8217;identificazione in modo affidabile e certificato delle risorse pubblicate in forma elettronica su\u202f<a href=\"https:\/\/www.sba.unina.it\/index.php\/share-riviste\/\" data-type=\"page\" data-id=\"2684\">SHARE Riviste<\/a>\u202fe\u202fsu <a href=\"https:\/\/www.sba.unina.it\/index.php\/share-libri\/\" data-type=\"page\" data-id=\"2687\">SHARE Libri<\/a> (collane di monografie, il Centro di Ateneo per le Biblioteche aderisce ai seguenti progetti di Identificatori Persistenti:&nbsp;<\/p>\n\n\n\n<figure class=\"wp-block-table\"><table><tbody><tr><td>&nbsp;<img fetchpriority=\"high\" decoding=\"async\" width=\"1000\" height=\"950\" class=\"wp-image-2670\" style=\"width: 1000px;\" src=\"https:\/\/www.sba.unina.it\/wordpress\/wp-content\/uploads\/2023\/10\/nbn.png\" alt=\"\" srcset=\"https:\/\/www.sba.unina.it\/wp-content\/uploads\/2023\/10\/nbn.png 416w, https:\/\/www.sba.unina.it\/wp-content\/uploads\/2023\/10\/nbn-300x285.png 300w, https:\/\/www.sba.unina.it\/wp-content\/uploads\/2023\/10\/nbn-350x332.png 350w\" sizes=\"(max-width: 1000px) 100vw, 1000px\" \/><\/td><td><a rel=\"noreferrer noopener\" href=\"http:\/\/www.depositolegale.it\/national-bibliography-number\/\" target=\"_blank\"><strong>NBN<\/strong><\/a>&nbsp; In Italia \u00e8 stato deciso di implementare lo standard National Bibliography Number (RFC3188) come sistema di identificazione e certificazione delle risorse partendo del dominio dei Beni Culturali. La sua caratteristica di essere uno standard aperto che assegna la responsabilit\u00e0 degli identificativi alle rispettive Biblioteche Nazionali di ogni paese del mondo, la flessibilit\u00e0 nell\u2019 implementazione dell\u2019architettura e la possibilit\u00e0 di implementare policy di autenticazione e certificazione delle risorse, sono stati tra gli elementi decisivi per questa iniziativa.&nbsp; \u202fL\u2019IP NBN verr\u00e0 attribuito, in maniera non esclusiva di altri IP, ai documenti diffusi tramite rete informatica oggetto di deposito legale, nonch\u00e9 alle tesi di Dottorato ed eventualmente ad altre pubblicazioni scientifiche delle Universit\u00e0, disponibili anche ad accesso aperto (OA), e depositate in Magazzini Digitali.&nbsp; Per maggiori informazioni si pu\u00f2 leggere\u202f<em><a href=\"https:\/\/www.jlis.it\/index.php\/jlis\/article\/view\/282\/281\" target=\"_blank\" rel=\"noreferrer noopener\">Il progetto National Bibliography Number Italia (NBN:IT). Un identificatore persistente a supporto del deposito legale nazionale delle risorse digitali<\/a><\/em><a rel=\"noreferrer noopener\" href=\"http:\/\/leo.cilea.it\/index.php\/jlis\/article\/view\/4789\" target=\"_blank\">,<\/a>\u202fin\u202f<em>JLis,<\/em>\u202f3(2012), n. 1, pp. 144-153&nbsp; &nbsp;<\/td><\/tr><\/tbody><\/table><\/figure>\n\n\n\n<figure class=\"wp-block-table\"><table><tbody><tr><td><img decoding=\"async\" width=\"500\" height=\"457\" class=\"wp-image-2671\" style=\"width: 500px;\" src=\"https:\/\/www.sba.unina.it\/wordpress\/wp-content\/uploads\/2023\/10\/doi.png\" alt=\"\" srcset=\"https:\/\/www.sba.unina.it\/wp-content\/uploads\/2023\/10\/doi.png 639w, https:\/\/www.sba.unina.it\/wp-content\/uploads\/2023\/10\/doi-300x274.png 300w, https:\/\/www.sba.unina.it\/wp-content\/uploads\/2023\/10\/doi-350x320.png 350w\" sizes=\"(max-width: 500px) 100vw, 500px\" \/>&nbsp;<\/td><td><a href=\"http:\/\/www.doi.org\/\" target=\"_blank\" rel=\"noreferrer noopener\"><strong>DOI<\/strong><\/a>&nbsp; Il Digital Object Identifier (DOI) \u00e8 uno standard che consente l&#8217;identificazione duratura, all&#8217;interno di una rete digitale, di qualsiasi entit\u00e0 che sia oggetto di propriet\u00e0 intellettuale e di associarvi i relativi dati di riferimento, i metadati, secondo uno schema strutturato ed estensibile.&nbsp; L\u2019Universit\u00e0 degli Studi di Napoli Federico II \u00e8 promotrice del\u202f<a href=\"https:\/\/www.crui.it\/biblioteche-didattica\/progetto-doi.html\" target=\"_blank\" rel=\"noreferrer noopener\">Progetto DOI della CRUI<\/a>&nbsp;<\/td><\/tr><\/tbody><\/table><\/figure>\n","protected":false},"excerpt":{"rendered":"<p>Il servizio\u202fFedOAPress -\u202fFederico II University Press, offerto dal CAB nel quadro delle sue finalit\u00e0 e dei suoi compiti istituzionali (Regolamento\u202fdel Sistema Bibliotecario di Ateneo e del Centro di Ateneo per le Biblioteche, Articolo 6, comma 2), intende rispondere in modo organico alla domanda diffusa nella nostra universit\u00e0 di pubblicare con marchio editoriale di ateneo e [&hellip;]<\/p>\n","protected":false},"author":1,"featured_media":0,"parent":0,"menu_order":43,"comment_status":"closed","ping_status":"closed","template":"","meta":{"footnotes":""},"class_list":["post-2669","page","type-page","status-publish","hentry"],"_links":{"self":[{"href":"https:\/\/www.sba.unina.it\/index.php\/wp-json\/wp\/v2\/pages\/2669","targetHints":{"allow":["GET"]}}],"collection":[{"href":"https:\/\/www.sba.unina.it\/index.php\/wp-json\/wp\/v2\/pages"}],"about":[{"href":"https:\/\/www.sba.unina.it\/index.php\/wp-json\/wp\/v2\/types\/page"}],"author":[{"embeddable":true,"href":"https:\/\/www.sba.unina.it\/index.php\/wp-json\/wp\/v2\/users\/1"}],"replies":[{"embeddable":true,"href":"https:\/\/www.sba.unina.it\/index.php\/wp-json\/wp\/v2\/comments?post=2669"}],"version-history":[{"count":19,"href":"https:\/\/www.sba.unina.it\/index.php\/wp-json\/wp\/v2\/pages\/2669\/revisions"}],"predecessor-version":[{"id":4700,"href":"https:\/\/www.sba.unina.it\/index.php\/wp-json\/wp\/v2\/pages\/2669\/revisions\/4700"}],"wp:attachment":[{"href":"https:\/\/www.sba.unina.it\/index.php\/wp-json\/wp\/v2\/media?parent=2669"}],"curies":[{"name":"wp","href":"https:\/\/api.w.org\/{rel}","templated":true}]}}