{"id":2719,"date":"2023-10-06T12:40:10","date_gmt":"2023-10-06T10:40:10","guid":{"rendered":"https:\/\/www.sba.unina.it\/wordpress\/?page_id=2719"},"modified":"2023-10-16T12:33:36","modified_gmt":"2023-10-16T10:33:36","slug":"accesso-wireless-allinterno-dellateneo","status":"publish","type":"page","link":"https:\/\/www.sba.unina.it\/index.php\/accesso-wireless-allinterno-dellateneo\/","title":{"rendered":"Accesso wireless all&#8217;interno dell&#8217;Ateneo"},"content":{"rendered":"\n<p>Il servizio di connessione wireless alla rete di Ateneo \u00e8 erogato dal Centro di Ateneo per i Servizi Informativi (CSI).\u00a0<br>\u00a0<br>Nelle sedi dell&#8217;Universit\u00e0 in cui il servizio \u00e8 gi\u00e0 stato attivato, \u00e8 possibile connettersi ad Internet con computer portatile.\u00a0<br>\u00a0<br>Per tutte le questioni relative alla connessione alla rete\u202f<strong>Wi-Fi_Unina<\/strong>\u202frimandiamo alla\u202f<a href=\"http:\/\/www.csi.unina.it\/flex\/cm\/pages\/ServeBLOB.php\/L\/IT\/IDPagina\/335\" target=\"_blank\" rel=\"noreferrer noopener\">pagina con le istruzioni predisposte dal CSI<\/a>.\u00a0<\/p>\n","protected":false},"excerpt":{"rendered":"<p>Il servizio di connessione wireless alla rete di Ateneo \u00e8 erogato dal Centro di Ateneo per i Servizi Informativi (CSI).\u00a0\u00a0Nelle sedi dell&#8217;Universit\u00e0 in cui il servizio \u00e8 gi\u00e0 stato attivato, \u00e8 possibile connettersi ad Internet con computer portatile.\u00a0\u00a0Per tutte le questioni relative alla connessione alla rete\u202fWi-Fi_Unina\u202frimandiamo alla\u202fpagina con le istruzioni predisposte dal CSI.\u00a0<\/p>\n","protected":false},"author":1,"featured_media":0,"parent":0,"menu_order":5,"comment_status":"closed","ping_status":"closed","template":"","meta":{"footnotes":""},"class_list":["post-2719","page","type-page","status-publish","hentry"],"_links":{"self":[{"href":"https:\/\/www.sba.unina.it\/index.php\/wp-json\/wp\/v2\/pages\/2719","targetHints":{"allow":["GET"]}}],"collection":[{"href":"https:\/\/www.sba.unina.it\/index.php\/wp-json\/wp\/v2\/pages"}],"about":[{"href":"https:\/\/www.sba.unina.it\/index.php\/wp-json\/wp\/v2\/types\/page"}],"author":[{"embeddable":true,"href":"https:\/\/www.sba.unina.it\/index.php\/wp-json\/wp\/v2\/users\/1"}],"replies":[{"embeddable":true,"href":"https:\/\/www.sba.unina.it\/index.php\/wp-json\/wp\/v2\/comments?post=2719"}],"version-history":[{"count":2,"href":"https:\/\/www.sba.unina.it\/index.php\/wp-json\/wp\/v2\/pages\/2719\/revisions"}],"predecessor-version":[{"id":3268,"href":"https:\/\/www.sba.unina.it\/index.php\/wp-json\/wp\/v2\/pages\/2719\/revisions\/3268"}],"wp:attachment":[{"href":"https:\/\/www.sba.unina.it\/index.php\/wp-json\/wp\/v2\/media?parent=2719"}],"curies":[{"name":"wp","href":"https:\/\/api.w.org\/{rel}","templated":true}]}}