{"id":2723,"date":"2023-10-06T12:47:50","date_gmt":"2023-10-06T10:47:50","guid":{"rendered":"https:\/\/www.sba.unina.it\/wordpress\/?page_id=2723"},"modified":"2023-12-04T10:59:44","modified_gmt":"2023-12-04T09:59:44","slug":"strumenti-per-bibliotecari","status":"publish","type":"page","link":"https:\/\/www.sba.unina.it\/index.php\/strumenti-per-bibliotecari\/","title":{"rendered":"Strumenti per bibliotecari"},"content":{"rendered":"\n<p>In questa pagina si danno informazioni utili ai bibliotecari per il loro lavoro quotidiano.\u00a0<\/p>\n\n\n\n<h4 class=\"wp-block-heading\">Gruppo Team Documentazione per bibliotecari<\/h4>\n\n\n\n<p>Nella sezione file del <a rel=\"noreferrer noopener\" href=\"https:\/\/communitystudentiunina.sharepoint.com\/:f:\/s\/Documentazioneperbibliotecari\/EkYtUN_GAU5FjPrlMtdmAqUBQIvN9SIwI5X5eWhslXI9fA?e=5kUm75\" data-type=\"link\" data-id=\"https:\/\/teams.microsoft.com\/l\/team\/19%3Aff8ec032082e4e15af92bb84898c623d%40thread.tacv2\/conversations?groupId=d1db8cfe-2577-4e5a-92ed-2892a76b20e2&amp;tenantId=\" target=\"_blank\">Gruppo Team Documentazione per bibliotecari<\/a> sono pubblicati documenti e guide curati dal CAB ad uso dei bibliotecari. Per accedere \u00e8 necessaria la registrazione da richiedere via mail a: <a href=\"mailto:bibliohelp@unina.it.\" data-type=\"mailto\" data-id=\"mailto:bibliohelp@unina.it.\">bibliohelp@unina.it.<\/a><\/p>\n\n\n\n<div style=\"height:42px\" aria-hidden=\"true\" class=\"wp-block-spacer\"><\/div>\n\n\n\n<p><\/p>\n\n\n\n<p>Nella sezione <a href=\"#standard\" data-type=\"internal\" data-id=\"#standard\">Regole e standard di catalogazione<\/a> si trovano i collegamenti ai principali strumenti per la catalogazione.\u00a0<\/p>\n\n\n\n<p>Diamo qui altri collegamenti utili per la professione di ambito\u202fLIS.\u00a0<\/p>\n\n\n\n<div style=\"height:34px\" aria-hidden=\"true\" class=\"wp-block-spacer\"><\/div>\n\n\n\n<h4 class=\"wp-block-heading has-medium-font-size\">Organizzazioni e Associazioni professionali&nbsp;<\/h4>\n\n\n\n<ul class=\"wp-block-list\">\n<li><a href=\"http:\/\/www.aib.it\/\" target=\"_blank\" rel=\"noreferrer noopener\">AIB<\/a>\u202f: Associazione italiana biblioteche&nbsp;<\/li>\n\n\n\n<li><a href=\"http:\/\/www.ala.org\/\" target=\"_blank\" rel=\"noreferrer noopener\">ALA<\/a>\u202f: American library association&nbsp;<\/li>\n\n\n\n<li><a href=\"https:\/\/www.eblida.org\/\" target=\"_blank\" rel=\"noreferrer noopener\">EBLIDA<\/a>\u202f: European bureau of library, information and documentation associations&nbsp;<\/li>\n\n\n\n<li><a href=\"https:\/\/www.ifla.org\/\" target=\"_blank\" rel=\"noreferrer noopener\">IFLA<\/a>\u202f: International federation of library associations and institutions<\/li>\n<\/ul>\n\n\n\n<p>\u202f&nbsp;<\/p>\n\n\n\n<h4 class=\"wp-block-heading has-medium-font-size\">OPAC italiani e stranieri&nbsp;<\/h4>\n\n\n\n<ul class=\"wp-block-list\">\n<li><a rel=\"noreferrer noopener\" href=\"http:\/\/www.lib-web.org\/\" target=\"_blank\">Repertorio degli OPAC nel mondo<\/a>\u202f: a cura di Libweb&nbsp;<\/li>\n\n\n\n<li><a href=\"http:\/\/acnp.cib.unibo.it\/cgi-ser\/start\/it\/cnr\/fp.html\" target=\"_blank\" rel=\"noreferrer noopener\">ACNP<\/a>\u202f: Catalogo italiano dei periodici&nbsp;<\/li>\n\n\n\n<li><a href=\"https:\/\/opac.sbn.it\/\" target=\"_blank\" rel=\"noreferrer noopener\">SBN<\/a>\u202f: a cura dell&#8217;Istituto Centrale per il Catalogo Unico delle biblioteche italiane e per le informazioni bibliografi&nbsp;<\/li>\n\n\n\n<li><a href=\"http:\/\/catalogo.bne.es\/uhtbin\/webcat\" target=\"_blank\" rel=\"noreferrer noopener\">BNE<\/a>\u202f: Biblioteca Nacional de Espa\u00f1a&nbsp;<\/li>\n\n\n\n<li><a href=\"http:\/\/catalogue.bnf.fr\/\" target=\"_blank\" rel=\"noreferrer noopener\">BNF<\/a>\u202f: Catalogue g\u00e9n\u00e9ral de la Biblioth\u00e8que nationale de France&nbsp;<\/li>\n\n\n\n<li><a href=\"http:\/\/catalogue.bl.uk\/F\/?func=file&amp;file_name=find-b&amp;local_base=blac\" target=\"_blank\" rel=\"noreferrer noopener\">BritishLibrary<\/a>\u202f: catalogo della biblioteca nazionale del Regno Unito&nbsp;<\/li>\n\n\n\n<li><a rel=\"noreferrer noopener\" href=\"https:\/\/kvk.bibliothek.kit.edu\/index.html?lang=en&amp;digitalOnly=0&amp;embedFulltitle=0&amp;newTab=0\" target=\"_blank\">KVK<\/a>\u202f(Karlsruher Virtueller Katalog) : metacatalogo che permette di interrogare contemporaneamente e selettivamente i cataloghi delle pi\u00f9 importanti biblioteche nazionali mondiali&nbsp;<\/li>\n\n\n\n<li><a rel=\"noreferrer noopener\" href=\"https:\/\/discover.libraryhub.jisc.ac.uk\/\" target=\"_blank\">Library Hub Discover<\/a>: catalogo collettivo che d\u00e0 accesso ai record di molte biblioteche nazionali, accademiche e specialistiche del Regno Unito<\/li>\n\n\n\n<li><a href=\"\/\/catalog.loc.gov\/vwebv\/searchBrowse\" target=\"_blank\" rel=\"noreferrer noopener\">LoC<\/a>\u202f(Library of Congress) : biblioteca nazionale degli Stati Uniti; oggi \u00e8 la pi\u00f9 grande biblioteca del mondo, con milioni di articoli in 450 lingue ed un catalogo online che raccoglie 14 milioni di record&nbsp;<\/li>\n\n\n\n<li><a href=\"http:\/\/www.worldcat.org\/\" target=\"_blank\" rel=\"noreferrer noopener\">WorldCat<\/a>\u202f: il pi\u00f9 grande catalogo bibliografico del mondo&nbsp;<\/li>\n<\/ul>\n\n\n\n<p>\u202f&nbsp;<\/p>\n\n\n\n<h4 class=\"wp-block-heading has-medium-font-size\">Cataloghi e Virtual reference desk dedicati al libro antico&nbsp;<\/h4>\n\n\n\n<ul class=\"wp-block-list\">\n<li><a href=\"https:\/\/www.cerl.org\/\" target=\"_blank\" rel=\"noreferrer noopener\">Il Portale del CERL<\/a>\u202f: Manoscritti e patrimonio a stampa antico del Consortium of European Research Libraries&nbsp;<\/li>\n\n\n\n<li><a href=\"https:\/\/edit16.iccu.sbn.it\/\" target=\"_blank\" rel=\"noreferrer noopener\">EDIT 16<\/a>\u202f: Censimento nazionale delle edizioni italiane del XVI secolo&nbsp;<\/li>\n\n\n\n<li><a href=\"https:\/\/cataloghistorici.bdi.sbn.it\/\" target=\"_blank\" rel=\"noreferrer noopener\">I cataloghi storici digitalizzati dell&#8217;ICCU<\/a>\u202f: collezione che riunisce 220 cataloghi storici, a volume e a schede, di 38 biblioteche italiane appartenenti al Ministero per i Beni e le Attivit\u00e0 Culturali, a Enti locali e a Istituti di cultura&nbsp;<\/li>\n\n\n\n<li><a href=\"https:\/\/www.bsb-muenchen.de\/sammlungen\/historische-drucke\/recherche\/vd-16\/\" target=\"_blank\" rel=\"noreferrer noopener\">VD16<\/a>\u202f: bibliografia di libri stampati nel XVI sec. nei Paesi di lingua tedesca&nbsp;<\/li>\n\n\n\n<li><a href=\"http:\/\/www.vd17.de\/\" target=\"_blank\" rel=\"noreferrer noopener\">VD17<\/a>\u202f: bibliografia di libri stampati nei Paesi di lingua tedesca dal 1601 al 1700&nbsp;<\/li>\n\n\n\n<li><a href=\"https:\/\/rbms.info\/\" target=\"_blank\" rel=\"noreferrer noopener\">RBMS &#8211; Rare Books and Manuscripts Section<\/a>\u202f: Virtual reference desk per il catalogatore di materiali antichi allestito dalla Rare Books and Manuscrits Section dell&#8217;ALA&nbsp;<\/li>\n<\/ul>\n\n\n\n<p>\u202f&nbsp;<\/p>\n\n\n\n<h4 class=\"wp-block-heading has-medium-font-size\">Riviste professionali e archivi disciplinari&nbsp;<\/h4>\n\n\n\n<ul class=\"wp-block-list\">\n<li><a href=\"https:\/\/aibnotizie.aib.it\/\" target=\"_blank\" rel=\"noreferrer noopener\">AIB notizie<\/a>\u202f: notiziario mensile dell&#8217;Associazione italiana biblioteche, che informa sulla vita dell&#8217;associazione, ma anche su quanto accade nel mondo delle biblioteche e dell&#8217;informazione: \u00e8 disponibile integralmente, in AIB-WEB, dal dicembre 1996&nbsp;<\/li>\n\n\n\n<li><a rel=\"noreferrer noopener\" href=\"http:\/\/www.bibliotecheoggi.it\/\" target=\"_blank\">Biblioteche Oggi<\/a>\u202f: dal 1993 i fascicoli sono indicizzati e sono ricercabili per autore, titolo, soggetto, etc. Gli articoli delle annate comprese fra il 1998 (luglio) e il 2003 sono disponibili in linea full-text&nbsp;<\/li>\n\n\n\n<li><a href=\"http:\/\/www.aib.it\/aib\/sezioni\/emr\/bibtime\/\" target=\"_blank\" rel=\"noreferrer noopener\">Bibliotime<\/a>\u202f: rivista elettronica per le biblioteche, a cura della Sezione Emila-Romagna dell&#8217;AIB. Sono online i numeri dal 1998 a oggi&nbsp;<\/li>\n\n\n\n<li><a href=\"https:\/\/bollettino.aib.it\/\" target=\"_blank\" rel=\"noreferrer noopener\">Bollettino AIB<\/a>\u202f: rivista italiana di biblioteconomia e scienze dell&#8217;informazione, presente in rete con indici e sommari (dal 1992), riassunti e\/o testi integrali di articoli e recensioni&nbsp;<\/li>\n\n\n\n<li><a href=\"https:\/\/bbf.enssib.fr\/\" target=\"_blank\" rel=\"noreferrer noopener\">Bulletin des biblioth\u00e8ques de France<\/a>\u202f: rivista francese di biblioteconomia pubblicata dall&#8217;Enssib (\u00c9cole nationale sup\u00e9rieure des sciences de l&#8217;information et des biblioth\u00e8ques). Nata nel 1956 come bollettino di informazioni ufficiali della Direction des biblioth\u00e8ques de France (rapporti, circolari, nomine, ecc.), a partire dalla met\u00e0 degli anni &#8217;80, pur conservando il suo ancoraggio istituzionale, diventa progressivamente una vera e propria rivista professionale dei bibliotecari francesi. A partire dal 1995 alla rivista cartacea si \u00e8 affiancata una versione in linea, fedele riproduzione della versione a stampa; a partire dal 1999, con l&#8217;aiuto della BnF, l&#8217;Enssib ha intrapreso la conversione retrospettiva di tutti i numeri della rivista, oggi liberamente consultabili online&nbsp;<\/li>\n\n\n\n<li><a href=\"https:\/\/crl.acrl.org\/\" target=\"_blank\" rel=\"noreferrer noopener\">C&amp;RL &#8211; College &amp; Research Libraries<\/a>\u202f: rivista scientifica ufficiale della Association of College &amp; Research Libraries (ACRL), una associazione professionale di bibliotecari accademici che rappresenta la pi\u00f9 grossa sezione della American Library Association&nbsp;<\/li>\n\n\n\n<li><a href=\"http:\/\/www.dlib.org\/\" target=\"_blank\" rel=\"noreferrer noopener\">D-Lib Magazine<\/a>\u202f: rivista elettronica prodotta dalla Corporation for National Research Initiatives (CNRI),\u202f organizzazione non-profit statunitense finalizzata allo sviluppo strategico delle tecnologie dell&#8217;informazione basate sulla rete. L&#8217;obiettivo primario della rivista \u00e8 lo scambio di informazioni tempestivo ed efficiente a favore della ricerca sulle biblioteche digitali&nbsp;<\/li>\n\n\n\n<li><a href=\"http:\/\/eprints.rclis.org\/\" target=\"_blank\" rel=\"noreferrer noopener\">E-LIS<\/a>\u202f: archivio aperto contenente documenti tecnici (gi\u00e0 pubblicati o inediti) in ambito biblioteconomico&nbsp;<\/li>\n\n\n\n<li><a href=\"https:\/\/www.jlis.it\/index.php\/jlis\" target=\"_blank\" rel=\"noreferrer noopener\">JLIS.it<\/a>\u202f(Italian Journal of Library and Information Science &#8211; Rivista italiana di biblioteconomia, archivistica e scienza dell&#8217;informazione) : rivista italiana che pubblica pubblica contributi di ricerca rilevanti per la Library and Information Science&nbsp;<\/li>\n\n\n\n<li><a href=\"https:\/\/publishing.escholarship.umassmed.edu\/jeslib\/\" target=\"_blank\" rel=\"noreferrer noopener\">Journal of eScience Librarianship<\/a>\u202f(JESLIB) : rivista open access pubblicata dalla Lamar Sutter Library della Massachussetts Medical School e finanziata in parte dalla National Library of Medicine, National Institutes of Health, Department of Health and Human Services. JSLIB si concentra sulla teoria e la pratica della biblioteconomia nei servizi per i dati della ricerca nelle scienze fisiche, mediche e biologiche; la rivista punta a esplorare il ruolo del bibliotecario a sostegno della ricerca e accoglie contributi da autori di tutto il mondo&nbsp;<\/li>\n\n\n\n<li><a href=\"https:\/\/liberquarterly.eu\/\" target=\"_blank\" rel=\"noreferrer noopener\">LIBER Quarterly<\/a>\u202f(The Journal of European Research Libraries) : rivista di LIBER, Association of European Research Libraries (Associazione delle biblioteche europee della ricerca). Gli articoli sono disponibili sia in PDF che in HTML&nbsp;<\/li>\n<\/ul>\n\n\n\n<p>\u202f&nbsp;<\/p>\n\n\n\n<h4 class=\"wp-block-heading has-medium-font-size\">Liste di discussione&nbsp;<\/h4>\n\n\n\n<ul class=\"wp-block-list\">\n<li><strong>Sirelist<\/strong>\u202f: lista di discussione dei bibliotecari della Federico II (per richiedere l&#8217;iscrizione alla lista inviare una mail a <a rel=\"noreferrer noopener\" href=\"mailto:bibliohelp@unina.it\" target=\"_blank\">bibliohelp@unina.it<\/a> utilizzando un indirizzo di posta elettronica istituzionale)&nbsp;<\/li>\n\n\n\n<li><a href=\"https:\/\/www.aib.it\/attivita\/aib-cur\/\" target=\"_blank\" rel=\"noreferrer noopener\">AIB-CUR<\/a>\u202f: la principale lista di discussione dei bibliotecari italiani, gestita dall&#8217;AIB&nbsp;<\/li>\n<\/ul>\n\n\n\n<div style=\"height:35px\" aria-hidden=\"true\" class=\"wp-block-spacer\"><\/div>\n\n\n\n<p><\/p>\n\n\n\n<h4 class=\"wp-block-heading has-medium-font-size\" id=\"standard\">Regole e standard di catalogazione<strong>&nbsp;<\/strong><\/h4>\n\n\n\n<p>ISBD<strong>&nbsp;<\/strong><strong><\/strong><\/p>\n\n\n\n<ul class=\"wp-block-list\">\n<li><a href=\"https:\/\/www.ifla.org\/files\/assets\/hq\/publications\/series\/44-it.pdf\" target=\"_blank\" rel=\"noreferrer noopener\">Edizione consolidata<\/a>\u202f(traduzione italiana)&nbsp;<\/li>\n\n\n\n<li><a href=\"https:\/\/www.ifla.org\/publications\/isbd-area-0-content-form-and-media-type-area-2009\/\" target=\"_blank\" rel=\"noreferrer noopener\">Area 0 -\u202fContent Form and Media Type Area<\/a>\u202f(dicembre 2009)&nbsp;<\/li>\n\n\n\n<li><a href=\"https:\/\/archive.ifla.org\/VII\/s13\/pubs\/isbd_m0602.pdf\" target=\"_blank\" rel=\"noreferrer noopener\">ISBD(M): International Standard Bibliographic Description&nbsp;for Monographic Publications<\/a>\u202f(2002 revision)&nbsp;<\/li>\n\n\n\n<li><a href=\"https:\/\/archive.ifla.org\/VII\/s13\/pubs\/isbdg2004.pdf\" target=\"_blank\" rel=\"noreferrer noopener\">ISBD(G): General International Standard Bibliographic Description<\/a>\u202f(2004 revision)&nbsp;<\/li>\n\n\n\n<li><a href=\"https:\/\/archive.ifla.org\/VII\/s13\/pubs\/isbda2.htm\" target=\"_blank\" rel=\"noreferrer noopener\">ISBD(A): International Standard Bibliographic Description for Older Monographic Publications (Antiquarian)<\/a>\u202f(2. ediz. rivista 1991)&nbsp;<\/li>\n\n\n\n<li><a href=\"https:\/\/www.ifla.org\/wp-content\/uploads\/2019\/05\/assets\/cataloguing\/isbd\/isbder.pdf\" target=\"_blank\" rel=\"noreferrer noopener\">ISBD(ER): International Standard Bibliographic Description for Electronic Resources<\/a>\u202f(Rivisto da ISBD(CF), 1997)&nbsp;<\/li>\n\n\n\n<li><a href=\"https:\/\/archive.ifla.org\/VII\/s13\/pubs\/CM1987ed.pdf\" target=\"_blank\" rel=\"noreferrer noopener\">ISBD(CM): International Standard Bibliographic Description for Cartographic Materials<\/a>\u202f(edizione rivista, 1987)&nbsp;<\/li>\n\n\n\n<li><a href=\"http:\/\/archive.ifla.org\/VII\/s13\/pubs\/ISBDNBM_sept28_04.pdf\" target=\"_blank\" rel=\"noreferrer noopener\">ISBD(NBM): International Standard Bibliographic Description for Non-Book Materials<\/a>\u202f(edizione rivista, 1987)&nbsp;<\/li>\n\n\n\n<li><a href=\"http:\/\/archive.ifla.org\/VII\/s13\/pubs\/ISBDPM_Nov10_2004.pdf\" target=\"_blank\" rel=\"noreferrer noopener\">ISBD(PM): International Standard Bibliographic Description for Printed Music<\/a>\u202f(2. ediz. rivista, 1991)&nbsp;<\/li>\n<\/ul>\n\n\n\n<p>REICAT<strong>&nbsp;<\/strong><strong><\/strong><\/p>\n\n\n\n<ul class=\"wp-block-list\">\n<li><a rel=\"noreferrer noopener\" href=\"https:\/\/www.iccu.sbn.it\/it\/normative-standard\/normative-catalografiche\/\" target=\"_blank\">Regole italiane di catalogazione REICAT<\/a>\u202f&nbsp;<\/li>\n<\/ul>\n\n\n\n<p>Unimarc<strong>&nbsp;<\/strong><strong><\/strong><\/p>\n\n\n\n<ul class=\"wp-block-list\">\n<li><a href=\"https:\/\/www.ifla.org\/g\/unimarc-rg\/unimarc-updates\/\" target=\"_blank\" rel=\"noreferrer noopener\">Unimarc Manual : Bibliographic Format (2000)<\/a>\u202f(3. edizione)&nbsp;<\/li>\n\n\n\n<li><a href=\"https:\/\/archive.ifla.org\/VI\/8\/unimarc-concise-bibliographic-format-2008.pdf\" target=\"_blank\" rel=\"noreferrer noopener\">Unimarc concise bibliographic format (2008)<\/a>&nbsp;<\/li>\n<\/ul>\n\n\n\n<p><\/p>\n\n\n\n<p>Risorse elettroniche\u202f<strong>&nbsp;<\/strong><strong><\/strong><\/p>\n\n\n\n<ul class=\"wp-block-list\">\n<li><a href=\"http:\/\/eprints.rclis.org\/13643\/1\/Definire_e_catal_risorse_elettr.pdf\" target=\"_blank\" rel=\"noreferrer noopener\">Definire e catalogare le risorse elettroniche<\/a>\u202f: un&#8217;introduzione a ISBD(ER), AACR2 e metadati \/ Stefano Gambari, Mauro Guerrini ; saggio introduttivo di Paul Gabriele Weston. &#8211; Milano : Editrice bibliografica, 2002&nbsp;<\/li>\n<\/ul>\n\n\n\n<p>Libro antico<strong>&nbsp;<\/strong><strong><\/strong><\/p>\n\n\n\n<ul class=\"wp-block-list\">\n<li><a href=\"https:\/\/rbms.info\/lpn\/\" target=\"_blank\" rel=\"noreferrer noopener\">Latin place names<\/a>&nbsp;&#8211; Database ordinato alfabeticamente dei nomi di citt\u00e0 in latino trovati in libri pubblicati prima del 1801, con i loro equivalenti nella lingua vernacolare. Creato e mantenuto da Robert L. Maxwell. La griglia corrispondente alla sigla del paese non segue lo standard ISO.&nbsp;<\/li>\n\n\n\n<li><a rel=\"noreferrer noopener\" href=\"https:\/\/www.ligatus.org.uk\/lob\/\" target=\"_blank\">Language of Bindings<\/a>&nbsp;&#8211; Importante &#8220;vocabolario della legatura&#8221; dovuto alla fondamentale attivit\u00e0 in questo campo da parte di\u202f<strong>Ligatus<\/strong>, il centro di ricerca dell&#8217;University of the Arts di Londra, fondato da Nicholas Pickwoad, che ha dato vita alle maggiori iniziative nel campo dello studio della storia della legatura e della loro conservazione&nbsp;<\/li>\n<\/ul>\n\n\n\n<p>Classificazione<strong>&nbsp;<\/strong><strong><\/strong><\/p>\n\n\n\n<p>Si danno indicazioni esclusivamente per gli schemi di classificazione in uso nel nostro Catalogo&nbsp;<\/p>\n\n\n\n<ul class=\"wp-block-list\">\n<li><strong>DDC\u202f<\/strong>(Dewey Decimal Classification) campo 776 di UNIMARC:\u202f<a href=\"https:\/\/www.oclc.org\/content\/dam\/oclc\/dewey\/resources\/summaries\/deweysummaries.pdf\" target=\"_blank\" rel=\"noreferrer noopener\">Dewey Decimal Classification summaries : a brief introduction to the Dewey Decimal Classification<\/a>&nbsp;<\/li>\n\n\n\n<li><strong>MSC\u202f<\/strong>(Mathematics Subject Classification) campo 691 di UNIMARC:\u202f<a href=\"http:\/\/www.ams.org\/mathscinet\/msc\/msc2010.html\" target=\"_blank\" rel=\"noreferrer noopener\">2010 Mathematics Subject Classification<\/a>&nbsp;<\/li>\n\n\n\n<li><strong>CCS\u202f<\/strong>(Computing Classification System) campo 693 di UNIMARC:\u202f<a href=\"https:\/\/www.acm.org\/publications\/computing-classification-system\/1998\" target=\"_blank\" rel=\"noreferrer noopener\">The 1998 ACM Computing Classification System<\/a>\u202f&nbsp;<\/li>\n<\/ul>\n\n\n\n<p>Catalogazione semantica<strong>&nbsp;<\/strong><strong><\/strong><\/p>\n\n\n\n<ul class=\"wp-block-list\">\n<li><a href=\"http:\/\/thes.bncf.firenze.sbn.it\/\" target=\"_blank\" rel=\"noreferrer noopener\">Nuovo Soggettario<\/a>\u202f: Biblioteca Nazionale Centrale di Firenze&nbsp;<\/li>\n<\/ul>\n\n\n\n<p><\/p>\n\n\n\n<div style=\"height:44px\" aria-hidden=\"true\" class=\"wp-block-spacer\"><\/div>\n\n\n\n<h4 class=\"wp-block-heading has-medium-font-size\">Documenti di interesse per i servizi di Document delivery&nbsp;<\/h4>\n\n\n\n<ul class=\"wp-block-list\">\n<li><a href=\"https:\/\/nilde.bo.cnr.it\/\" target=\"_blank\" rel=\"noreferrer noopener\">Nilde &#8211; Network Inter-Library Document Exchange<\/a>\u202f: Servizio on-line che permette alle biblioteche di richiedere e di fornire documenti in maniera reciproca&nbsp;<\/li>\n\n\n\n<li><a href=\"https:\/\/nildeworld.bo.cnr.it\/it\/tematica\/usare-nilde\" target=\"_blank\" rel=\"noreferrer noopener\">Nilde 4.0 : manuale<\/a>\u202f: wiki realizzato dagli sviluppatori e utilizzatori del software Nilde&nbsp;<\/li>\n<\/ul>\n","protected":false},"excerpt":{"rendered":"<p>In questa pagina si danno informazioni utili ai bibliotecari per il loro lavoro quotidiano.\u00a0 Gruppo Team Documentazione per bibliotecari Nella sezione file del Gruppo Team Documentazione per bibliotecari sono pubblicati documenti e guide curati dal CAB ad uso dei bibliotecari. Per accedere \u00e8 necessaria la registrazione da richiedere via mail a: bibliohelp@unina.it. Nella sezione Regole [&hellip;]<\/p>\n","protected":false},"author":1,"featured_media":0,"parent":0,"menu_order":75,"comment_status":"closed","ping_status":"closed","template":"","meta":{"footnotes":""},"class_list":["post-2723","page","type-page","status-publish","hentry"],"_links":{"self":[{"href":"https:\/\/www.sba.unina.it\/index.php\/wp-json\/wp\/v2\/pages\/2723","targetHints":{"allow":["GET"]}}],"collection":[{"href":"https:\/\/www.sba.unina.it\/index.php\/wp-json\/wp\/v2\/pages"}],"about":[{"href":"https:\/\/www.sba.unina.it\/index.php\/wp-json\/wp\/v2\/types\/page"}],"author":[{"embeddable":true,"href":"https:\/\/www.sba.unina.it\/index.php\/wp-json\/wp\/v2\/users\/1"}],"replies":[{"embeddable":true,"href":"https:\/\/www.sba.unina.it\/index.php\/wp-json\/wp\/v2\/comments?post=2723"}],"version-history":[{"count":39,"href":"https:\/\/www.sba.unina.it\/index.php\/wp-json\/wp\/v2\/pages\/2723\/revisions"}],"predecessor-version":[{"id":3665,"href":"https:\/\/www.sba.unina.it\/index.php\/wp-json\/wp\/v2\/pages\/2723\/revisions\/3665"}],"wp:attachment":[{"href":"https:\/\/www.sba.unina.it\/index.php\/wp-json\/wp\/v2\/media?parent=2723"}],"curies":[{"name":"wp","href":"https:\/\/api.w.org\/{rel}","templated":true}]}}